{"id":814,"date":"2024-04-23T10:02:07","date_gmt":"2024-04-23T10:02:07","guid":{"rendered":"http:\/\/mds.ad-am-projekte.com\/products\/"},"modified":"2024-07-29T10:26:32","modified_gmt":"2024-07-29T10:26:32","slug":"products","status":"publish","type":"page","link":"https:\/\/mds-gruppe.de\/de\/products\/","title":{"rendered":"Produkte"},"content":{"rendered":"","protected":false},"excerpt":{"rendered":"","protected":false},"author":1,"featured_media":0,"parent":0,"menu_order":0,"comment_status":"closed","ping_status":"closed","template":"page-products.php","meta":{"_acf_changed":false,"inline_featured_image":false,"footnotes":""},"class_list":["post-814","page","type-page","status-publish","hentry"],"acf":[],"yoast_head":"<!-- This site is optimized with the Yoast SEO plugin v27.3 - https:\/\/yoast.com\/product\/yoast-seo-wordpress\/ -->\n<title>Gastronomie-Gro\u00dfhandel f\u00fcr Lebensmittel: Unsere Produkte<\/title>\n<meta name=\"description\" content=\"MDS deckt eine gro\u00dfe Produktpalette im Lebensmittel- und Getr\u00e4nkebereich sowie in Beauty und Non-Food ab. Jetzt mehr erfahren!\" \/>\n<meta name=\"robots\" content=\"index, follow, max-snippet:-1, max-image-preview:large, max-video-preview:-1\" \/>\n<link rel=\"canonical\" href=\"https:\/\/mds-gruppe.de\/de\/products\/\" \/>\n<meta property=\"og:locale\" content=\"de_DE\" \/>\n<meta property=\"og:type\" content=\"article\" \/>\n<meta property=\"og:title\" content=\"Gastronomie-Gro\u00dfhandel f\u00fcr Lebensmittel: Unsere Produkte\" \/>\n<meta property=\"og:description\" content=\"MDS deckt eine gro\u00dfe Produktpalette im Lebensmittel- und Getr\u00e4nkebereich sowie in Beauty und Non-Food ab. Jetzt mehr erfahren!\" \/>\n<meta property=\"og:url\" content=\"https:\/\/mds-gruppe.de\/de\/products\/\" \/>\n<meta property=\"og:site_name\" content=\"MDS\" \/>\n<meta property=\"article:modified_time\" content=\"2024-07-29T10:26:32+00:00\" \/>\n<meta name=\"twitter:card\" content=\"summary_large_image\" \/>\n<script type=\"application\/ld+json\" class=\"yoast-schema-graph\">{\"@context\":\"https:\\\/\\\/schema.org\",\"@graph\":[{\"@type\":\"WebPage\",\"@id\":\"https:\\\/\\\/mds-gruppe.de\\\/de\\\/products\\\/\",\"url\":\"https:\\\/\\\/mds-gruppe.de\\\/de\\\/products\\\/\",\"name\":\"Gastronomie-Gro\u00dfhandel f\u00fcr Lebensmittel: Unsere Produkte\",\"isPartOf\":{\"@id\":\"https:\\\/\\\/mds-gruppe.de\\\/de\\\/#website\"},\"datePublished\":\"2024-04-23T10:02:07+00:00\",\"dateModified\":\"2024-07-29T10:26:32+00:00\",\"description\":\"MDS deckt eine gro\u00dfe Produktpalette im Lebensmittel- und Getr\u00e4nkebereich sowie in Beauty und Non-Food ab. Jetzt mehr erfahren!\",\"breadcrumb\":{\"@id\":\"https:\\\/\\\/mds-gruppe.de\\\/de\\\/products\\\/#breadcrumb\"},\"inLanguage\":\"de\",\"potentialAction\":[{\"@type\":\"ReadAction\",\"target\":[\"https:\\\/\\\/mds-gruppe.de\\\/de\\\/products\\\/\"]}]},{\"@type\":\"BreadcrumbList\",\"@id\":\"https:\\\/\\\/mds-gruppe.de\\\/de\\\/products\\\/#breadcrumb\",\"itemListElement\":[{\"@type\":\"ListItem\",\"position\":1,\"name\":\"Home\",\"item\":\"https:\\\/\\\/mds-gruppe.de\\\/de\\\/\"},{\"@type\":\"ListItem\",\"position\":2,\"name\":\"Produkte\"}]},{\"@type\":\"WebSite\",\"@id\":\"https:\\\/\\\/mds-gruppe.de\\\/de\\\/#website\",\"url\":\"https:\\\/\\\/mds-gruppe.de\\\/de\\\/\",\"name\":\"MDS\",\"description\":\"MDS\",\"potentialAction\":[{\"@type\":\"SearchAction\",\"target\":{\"@type\":\"EntryPoint\",\"urlTemplate\":\"https:\\\/\\\/mds-gruppe.de\\\/de\\\/?s={search_term_string}\"},\"query-input\":{\"@type\":\"PropertyValueSpecification\",\"valueRequired\":true,\"valueName\":\"search_term_string\"}}],\"inLanguage\":\"de\"}]}<\/script>\n<!-- \/ Yoast SEO plugin. -->","yoast_head_json":{"title":"Gastronomie-Gro\u00dfhandel f\u00fcr Lebensmittel: Unsere Produkte","description":"MDS deckt eine gro\u00dfe Produktpalette im Lebensmittel- und Getr\u00e4nkebereich sowie in Beauty und Non-Food ab. Jetzt mehr erfahren!","robots":{"index":"index","follow":"follow","max-snippet":"max-snippet:-1","max-image-preview":"max-image-preview:large","max-video-preview":"max-video-preview:-1"},"canonical":"https:\/\/mds-gruppe.de\/de\/products\/","og_locale":"de_DE","og_type":"article","og_title":"Gastronomie-Gro\u00dfhandel f\u00fcr Lebensmittel: Unsere Produkte","og_description":"MDS deckt eine gro\u00dfe Produktpalette im Lebensmittel- und Getr\u00e4nkebereich sowie in Beauty und Non-Food ab. Jetzt mehr erfahren!","og_url":"https:\/\/mds-gruppe.de\/de\/products\/","og_site_name":"MDS","article_modified_time":"2024-07-29T10:26:32+00:00","twitter_card":"summary_large_image","schema":{"@context":"https:\/\/schema.org","@graph":[{"@type":"WebPage","@id":"https:\/\/mds-gruppe.de\/de\/products\/","url":"https:\/\/mds-gruppe.de\/de\/products\/","name":"Gastronomie-Gro\u00dfhandel f\u00fcr Lebensmittel: Unsere Produkte","isPartOf":{"@id":"https:\/\/mds-gruppe.de\/de\/#website"},"datePublished":"2024-04-23T10:02:07+00:00","dateModified":"2024-07-29T10:26:32+00:00","description":"MDS deckt eine gro\u00dfe Produktpalette im Lebensmittel- und Getr\u00e4nkebereich sowie in Beauty und Non-Food ab. Jetzt mehr erfahren!","breadcrumb":{"@id":"https:\/\/mds-gruppe.de\/de\/products\/#breadcrumb"},"inLanguage":"de","potentialAction":[{"@type":"ReadAction","target":["https:\/\/mds-gruppe.de\/de\/products\/"]}]},{"@type":"BreadcrumbList","@id":"https:\/\/mds-gruppe.de\/de\/products\/#breadcrumb","itemListElement":[{"@type":"ListItem","position":1,"name":"Home","item":"https:\/\/mds-gruppe.de\/de\/"},{"@type":"ListItem","position":2,"name":"Produkte"}]},{"@type":"WebSite","@id":"https:\/\/mds-gruppe.de\/de\/#website","url":"https:\/\/mds-gruppe.de\/de\/","name":"MDS","description":"MDS","potentialAction":[{"@type":"SearchAction","target":{"@type":"EntryPoint","urlTemplate":"https:\/\/mds-gruppe.de\/de\/?s={search_term_string}"},"query-input":{"@type":"PropertyValueSpecification","valueRequired":true,"valueName":"search_term_string"}}],"inLanguage":"de"}]}},"_links":{"self":[{"href":"https:\/\/mds-gruppe.de\/de\/wp-json\/wp\/v2\/pages\/814","targetHints":{"allow":["GET"]}}],"collection":[{"href":"https:\/\/mds-gruppe.de\/de\/wp-json\/wp\/v2\/pages"}],"about":[{"href":"https:\/\/mds-gruppe.de\/de\/wp-json\/wp\/v2\/types\/page"}],"author":[{"embeddable":true,"href":"https:\/\/mds-gruppe.de\/de\/wp-json\/wp\/v2\/users\/1"}],"replies":[{"embeddable":true,"href":"https:\/\/mds-gruppe.de\/de\/wp-json\/wp\/v2\/comments?post=814"}],"version-history":[{"count":5,"href":"https:\/\/mds-gruppe.de\/de\/wp-json\/wp\/v2\/pages\/814\/revisions"}],"predecessor-version":[{"id":1076,"href":"https:\/\/mds-gruppe.de\/de\/wp-json\/wp\/v2\/pages\/814\/revisions\/1076"}],"wp:attachment":[{"href":"https:\/\/mds-gruppe.de\/de\/wp-json\/wp\/v2\/media?parent=814"}],"curies":[{"name":"wp","href":"https:\/\/api.w.org\/{rel}","templated":true}]}}