{"id":840,"date":"2024-05-06T08:32:21","date_gmt":"2024-05-06T08:32:21","guid":{"rendered":"http:\/\/mds.ad-am-projekte.com\/product\/pantry\/"},"modified":"2024-11-08T09:38:17","modified_gmt":"2024-11-08T09:38:17","slug":"pantry","status":"publish","type":"product","link":"https:\/\/mds-gruppe.de\/de\/product\/pantry\/","title":{"rendered":"Pantry"},"content":{"rendered":"","protected":false},"featured_media":0,"parent":0,"template":"","class_list":["post-840","product","type-product","status-publish","hentry"],"acf":[],"yoast_head":"<!-- This site is optimized with the Yoast SEO plugin v27.3 - https:\/\/yoast.com\/product\/yoast-seo-wordpress\/ -->\n<title>Unsere Pantry-Produkte f\u00fcr Ihren Shop<\/title>\n<meta name=\"description\" content=\"Alles f\u00fcr die Speise- und Vorratskammer auf einen Blick: Unsere Pantry-Produktlinie umfasst Pasta, Reis, \u00d6le und Spezial\u00f6le, Konserven sowie Fertiggerichte.\" \/>\n<meta name=\"robots\" content=\"index, follow, max-snippet:-1, max-image-preview:large, max-video-preview:-1\" \/>\n<link rel=\"canonical\" href=\"https:\/\/mds-gruppe.de\/de\/product\/pantry\/\" \/>\n<meta property=\"og:locale\" content=\"de_DE\" \/>\n<meta property=\"og:type\" content=\"article\" \/>\n<meta property=\"og:title\" content=\"Unsere Pantry-Produkte f\u00fcr Ihren Shop\" \/>\n<meta property=\"og:description\" content=\"Alles f\u00fcr die Speise- und Vorratskammer auf einen Blick: Unsere Pantry-Produktlinie umfasst Pasta, Reis, \u00d6le und Spezial\u00f6le, Konserven sowie Fertiggerichte.\" \/>\n<meta property=\"og:url\" content=\"https:\/\/mds-gruppe.de\/de\/product\/pantry\/\" \/>\n<meta property=\"og:site_name\" content=\"MDS\" \/>\n<meta property=\"article:modified_time\" content=\"2024-11-08T09:38:17+00:00\" \/>\n<meta name=\"twitter:card\" content=\"summary_large_image\" \/>\n<script type=\"application\/ld+json\" class=\"yoast-schema-graph\">{\"@context\":\"https:\\\/\\\/schema.org\",\"@graph\":[{\"@type\":\"WebPage\",\"@id\":\"https:\\\/\\\/mds-gruppe.de\\\/de\\\/product\\\/pantry\\\/\",\"url\":\"https:\\\/\\\/mds-gruppe.de\\\/de\\\/product\\\/pantry\\\/\",\"name\":\"Unsere Pantry-Produkte f\u00fcr Ihren Shop\",\"isPartOf\":{\"@id\":\"https:\\\/\\\/mds-gruppe.de\\\/de\\\/#website\"},\"datePublished\":\"2024-05-06T08:32:21+00:00\",\"dateModified\":\"2024-11-08T09:38:17+00:00\",\"description\":\"Alles f\u00fcr die Speise- und Vorratskammer auf einen Blick: Unsere Pantry-Produktlinie umfasst Pasta, Reis, \u00d6le und Spezial\u00f6le, Konserven sowie Fertiggerichte.\",\"breadcrumb\":{\"@id\":\"https:\\\/\\\/mds-gruppe.de\\\/de\\\/product\\\/pantry\\\/#breadcrumb\"},\"inLanguage\":\"de\",\"potentialAction\":[{\"@type\":\"ReadAction\",\"target\":[\"https:\\\/\\\/mds-gruppe.de\\\/de\\\/product\\\/pantry\\\/\"]}]},{\"@type\":\"BreadcrumbList\",\"@id\":\"https:\\\/\\\/mds-gruppe.de\\\/de\\\/product\\\/pantry\\\/#breadcrumb\",\"itemListElement\":[{\"@type\":\"ListItem\",\"position\":1,\"name\":\"Home\",\"item\":\"https:\\\/\\\/mds-gruppe.de\\\/de\\\/\"},{\"@type\":\"ListItem\",\"position\":2,\"name\":\"Pantry\"}]},{\"@type\":\"WebSite\",\"@id\":\"https:\\\/\\\/mds-gruppe.de\\\/de\\\/#website\",\"url\":\"https:\\\/\\\/mds-gruppe.de\\\/de\\\/\",\"name\":\"MDS\",\"description\":\"MDS\",\"potentialAction\":[{\"@type\":\"SearchAction\",\"target\":{\"@type\":\"EntryPoint\",\"urlTemplate\":\"https:\\\/\\\/mds-gruppe.de\\\/de\\\/?s={search_term_string}\"},\"query-input\":{\"@type\":\"PropertyValueSpecification\",\"valueRequired\":true,\"valueName\":\"search_term_string\"}}],\"inLanguage\":\"de\"}]}<\/script>\n<!-- \/ Yoast SEO plugin. -->","yoast_head_json":{"title":"Unsere Pantry-Produkte f\u00fcr Ihren Shop","description":"Alles f\u00fcr die Speise- und Vorratskammer auf einen Blick: Unsere Pantry-Produktlinie umfasst Pasta, Reis, \u00d6le und Spezial\u00f6le, Konserven sowie Fertiggerichte.","robots":{"index":"index","follow":"follow","max-snippet":"max-snippet:-1","max-image-preview":"max-image-preview:large","max-video-preview":"max-video-preview:-1"},"canonical":"https:\/\/mds-gruppe.de\/de\/product\/pantry\/","og_locale":"de_DE","og_type":"article","og_title":"Unsere Pantry-Produkte f\u00fcr Ihren Shop","og_description":"Alles f\u00fcr die Speise- und Vorratskammer auf einen Blick: Unsere Pantry-Produktlinie umfasst Pasta, Reis, \u00d6le und Spezial\u00f6le, Konserven sowie Fertiggerichte.","og_url":"https:\/\/mds-gruppe.de\/de\/product\/pantry\/","og_site_name":"MDS","article_modified_time":"2024-11-08T09:38:17+00:00","twitter_card":"summary_large_image","schema":{"@context":"https:\/\/schema.org","@graph":[{"@type":"WebPage","@id":"https:\/\/mds-gruppe.de\/de\/product\/pantry\/","url":"https:\/\/mds-gruppe.de\/de\/product\/pantry\/","name":"Unsere Pantry-Produkte f\u00fcr Ihren Shop","isPartOf":{"@id":"https:\/\/mds-gruppe.de\/de\/#website"},"datePublished":"2024-05-06T08:32:21+00:00","dateModified":"2024-11-08T09:38:17+00:00","description":"Alles f\u00fcr die Speise- und Vorratskammer auf einen Blick: Unsere Pantry-Produktlinie umfasst Pasta, Reis, \u00d6le und Spezial\u00f6le, Konserven sowie Fertiggerichte.","breadcrumb":{"@id":"https:\/\/mds-gruppe.de\/de\/product\/pantry\/#breadcrumb"},"inLanguage":"de","potentialAction":[{"@type":"ReadAction","target":["https:\/\/mds-gruppe.de\/de\/product\/pantry\/"]}]},{"@type":"BreadcrumbList","@id":"https:\/\/mds-gruppe.de\/de\/product\/pantry\/#breadcrumb","itemListElement":[{"@type":"ListItem","position":1,"name":"Home","item":"https:\/\/mds-gruppe.de\/de\/"},{"@type":"ListItem","position":2,"name":"Pantry"}]},{"@type":"WebSite","@id":"https:\/\/mds-gruppe.de\/de\/#website","url":"https:\/\/mds-gruppe.de\/de\/","name":"MDS","description":"MDS","potentialAction":[{"@type":"SearchAction","target":{"@type":"EntryPoint","urlTemplate":"https:\/\/mds-gruppe.de\/de\/?s={search_term_string}"},"query-input":{"@type":"PropertyValueSpecification","valueRequired":true,"valueName":"search_term_string"}}],"inLanguage":"de"}]}},"_links":{"self":[{"href":"https:\/\/mds-gruppe.de\/de\/wp-json\/wp\/v2\/product\/840","targetHints":{"allow":["GET"]}}],"collection":[{"href":"https:\/\/mds-gruppe.de\/de\/wp-json\/wp\/v2\/product"}],"about":[{"href":"https:\/\/mds-gruppe.de\/de\/wp-json\/wp\/v2\/types\/product"}],"wp:attachment":[{"href":"https:\/\/mds-gruppe.de\/de\/wp-json\/wp\/v2\/media?parent=840"}],"curies":[{"name":"wp","href":"https:\/\/api.w.org\/{rel}","templated":true}]}}