{"id":848,"date":"2024-05-06T11:15:36","date_gmt":"2024-05-06T11:15:36","guid":{"rendered":"http:\/\/mds.ad-am-projekte.com\/product\/snacking\/"},"modified":"2024-11-19T16:05:39","modified_gmt":"2024-11-19T16:05:39","slug":"snacking","status":"publish","type":"product","link":"https:\/\/mds-gruppe.de\/de\/product\/snacking\/","title":{"rendered":"Snacking"},"content":{"rendered":"","protected":false},"featured_media":0,"parent":0,"template":"","class_list":["post-848","product","type-product","status-publish","hentry"],"acf":[],"yoast_head":"<!-- This site is optimized with the Yoast SEO plugin v27.3 - https:\/\/yoast.com\/product\/yoast-seo-wordpress\/ -->\n<title>S\u00fc\u00df und herzhaft: Unser Snacking-Portfolio<\/title>\n<meta name=\"description\" content=\"F\u00fcr den kleinen Hunger zwischendurch erm\u00f6glicht MDS umfassenden Zugriff auf ein s\u00fc\u00dfes und herzhaftes Snacking-Produktportfolio aus aller Welt.\" \/>\n<meta name=\"robots\" content=\"index, follow, max-snippet:-1, max-image-preview:large, max-video-preview:-1\" \/>\n<link rel=\"canonical\" href=\"https:\/\/mds-gruppe.de\/de\/product\/snacking\/\" \/>\n<meta property=\"og:locale\" content=\"de_DE\" \/>\n<meta property=\"og:type\" content=\"article\" \/>\n<meta property=\"og:title\" content=\"S\u00fc\u00df und herzhaft: Unser Snacking-Portfolio\" \/>\n<meta property=\"og:description\" content=\"F\u00fcr den kleinen Hunger zwischendurch erm\u00f6glicht MDS umfassenden Zugriff auf ein s\u00fc\u00dfes und herzhaftes Snacking-Produktportfolio aus aller Welt.\" \/>\n<meta property=\"og:url\" content=\"https:\/\/mds-gruppe.de\/de\/product\/snacking\/\" \/>\n<meta property=\"og:site_name\" content=\"MDS\" \/>\n<meta property=\"article:modified_time\" content=\"2024-11-19T16:05:39+00:00\" \/>\n<meta name=\"twitter:card\" content=\"summary_large_image\" \/>\n<script type=\"application\/ld+json\" class=\"yoast-schema-graph\">{\"@context\":\"https:\\\/\\\/schema.org\",\"@graph\":[{\"@type\":\"WebPage\",\"@id\":\"https:\\\/\\\/mds-gruppe.de\\\/de\\\/product\\\/snacking\\\/\",\"url\":\"https:\\\/\\\/mds-gruppe.de\\\/de\\\/product\\\/snacking\\\/\",\"name\":\"S\u00fc\u00df und herzhaft: Unser Snacking-Portfolio\",\"isPartOf\":{\"@id\":\"https:\\\/\\\/mds-gruppe.de\\\/de\\\/#website\"},\"datePublished\":\"2024-05-06T11:15:36+00:00\",\"dateModified\":\"2024-11-19T16:05:39+00:00\",\"description\":\"F\u00fcr den kleinen Hunger zwischendurch erm\u00f6glicht MDS umfassenden Zugriff auf ein s\u00fc\u00dfes und herzhaftes Snacking-Produktportfolio aus aller Welt.\",\"breadcrumb\":{\"@id\":\"https:\\\/\\\/mds-gruppe.de\\\/de\\\/product\\\/snacking\\\/#breadcrumb\"},\"inLanguage\":\"de\",\"potentialAction\":[{\"@type\":\"ReadAction\",\"target\":[\"https:\\\/\\\/mds-gruppe.de\\\/de\\\/product\\\/snacking\\\/\"]}]},{\"@type\":\"BreadcrumbList\",\"@id\":\"https:\\\/\\\/mds-gruppe.de\\\/de\\\/product\\\/snacking\\\/#breadcrumb\",\"itemListElement\":[{\"@type\":\"ListItem\",\"position\":1,\"name\":\"Home\",\"item\":\"https:\\\/\\\/mds-gruppe.de\\\/de\\\/\"},{\"@type\":\"ListItem\",\"position\":2,\"name\":\"Snacking\"}]},{\"@type\":\"WebSite\",\"@id\":\"https:\\\/\\\/mds-gruppe.de\\\/de\\\/#website\",\"url\":\"https:\\\/\\\/mds-gruppe.de\\\/de\\\/\",\"name\":\"MDS\",\"description\":\"MDS\",\"potentialAction\":[{\"@type\":\"SearchAction\",\"target\":{\"@type\":\"EntryPoint\",\"urlTemplate\":\"https:\\\/\\\/mds-gruppe.de\\\/de\\\/?s={search_term_string}\"},\"query-input\":{\"@type\":\"PropertyValueSpecification\",\"valueRequired\":true,\"valueName\":\"search_term_string\"}}],\"inLanguage\":\"de\"}]}<\/script>\n<!-- \/ Yoast SEO plugin. -->","yoast_head_json":{"title":"S\u00fc\u00df und herzhaft: Unser Snacking-Portfolio","description":"F\u00fcr den kleinen Hunger zwischendurch erm\u00f6glicht MDS umfassenden Zugriff auf ein s\u00fc\u00dfes und herzhaftes Snacking-Produktportfolio aus aller Welt.","robots":{"index":"index","follow":"follow","max-snippet":"max-snippet:-1","max-image-preview":"max-image-preview:large","max-video-preview":"max-video-preview:-1"},"canonical":"https:\/\/mds-gruppe.de\/de\/product\/snacking\/","og_locale":"de_DE","og_type":"article","og_title":"S\u00fc\u00df und herzhaft: Unser Snacking-Portfolio","og_description":"F\u00fcr den kleinen Hunger zwischendurch erm\u00f6glicht MDS umfassenden Zugriff auf ein s\u00fc\u00dfes und herzhaftes Snacking-Produktportfolio aus aller Welt.","og_url":"https:\/\/mds-gruppe.de\/de\/product\/snacking\/","og_site_name":"MDS","article_modified_time":"2024-11-19T16:05:39+00:00","twitter_card":"summary_large_image","schema":{"@context":"https:\/\/schema.org","@graph":[{"@type":"WebPage","@id":"https:\/\/mds-gruppe.de\/de\/product\/snacking\/","url":"https:\/\/mds-gruppe.de\/de\/product\/snacking\/","name":"S\u00fc\u00df und herzhaft: Unser Snacking-Portfolio","isPartOf":{"@id":"https:\/\/mds-gruppe.de\/de\/#website"},"datePublished":"2024-05-06T11:15:36+00:00","dateModified":"2024-11-19T16:05:39+00:00","description":"F\u00fcr den kleinen Hunger zwischendurch erm\u00f6glicht MDS umfassenden Zugriff auf ein s\u00fc\u00dfes und herzhaftes Snacking-Produktportfolio aus aller Welt.","breadcrumb":{"@id":"https:\/\/mds-gruppe.de\/de\/product\/snacking\/#breadcrumb"},"inLanguage":"de","potentialAction":[{"@type":"ReadAction","target":["https:\/\/mds-gruppe.de\/de\/product\/snacking\/"]}]},{"@type":"BreadcrumbList","@id":"https:\/\/mds-gruppe.de\/de\/product\/snacking\/#breadcrumb","itemListElement":[{"@type":"ListItem","position":1,"name":"Home","item":"https:\/\/mds-gruppe.de\/de\/"},{"@type":"ListItem","position":2,"name":"Snacking"}]},{"@type":"WebSite","@id":"https:\/\/mds-gruppe.de\/de\/#website","url":"https:\/\/mds-gruppe.de\/de\/","name":"MDS","description":"MDS","potentialAction":[{"@type":"SearchAction","target":{"@type":"EntryPoint","urlTemplate":"https:\/\/mds-gruppe.de\/de\/?s={search_term_string}"},"query-input":{"@type":"PropertyValueSpecification","valueRequired":true,"valueName":"search_term_string"}}],"inLanguage":"de"}]}},"_links":{"self":[{"href":"https:\/\/mds-gruppe.de\/de\/wp-json\/wp\/v2\/product\/848","targetHints":{"allow":["GET"]}}],"collection":[{"href":"https:\/\/mds-gruppe.de\/de\/wp-json\/wp\/v2\/product"}],"about":[{"href":"https:\/\/mds-gruppe.de\/de\/wp-json\/wp\/v2\/types\/product"}],"wp:attachment":[{"href":"https:\/\/mds-gruppe.de\/de\/wp-json\/wp\/v2\/media?parent=848"}],"curies":[{"name":"wp","href":"https:\/\/api.w.org\/{rel}","templated":true}]}}