{"id":850,"date":"2024-05-06T11:25:45","date_gmt":"2024-05-06T11:25:45","guid":{"rendered":"http:\/\/mds.ad-am-projekte.com\/product\/breakfast\/"},"modified":"2024-11-19T16:04:45","modified_gmt":"2024-11-19T16:04:45","slug":"breakfast","status":"publish","type":"product","link":"https:\/\/mds-gruppe.de\/de\/product\/breakfast\/","title":{"rendered":"Breakfast"},"content":{"rendered":"","protected":false},"featured_media":0,"parent":0,"template":"","class_list":["post-850","product","type-product","status-publish","hentry"],"acf":[],"yoast_head":"<!-- This site is optimized with the Yoast SEO plugin v27.3 - https:\/\/yoast.com\/product\/yoast-seo-wordpress\/ -->\n<title>MDS-Fr\u00fchst\u00fccksprodukte auf einen Blick<\/title>\n<meta name=\"description\" content=\"Erm\u00f6glichen Sie Ihren Kunden einen gesunden Start in den Tag mit der gro\u00dfen Breakfast-Auswahl von MDS. Wir finden die ideale Produktlinie f\u00fcr Sie.\" \/>\n<meta name=\"robots\" content=\"index, follow, max-snippet:-1, max-image-preview:large, max-video-preview:-1\" \/>\n<link rel=\"canonical\" href=\"https:\/\/mds-gruppe.de\/de\/product\/breakfast\/\" \/>\n<meta property=\"og:locale\" content=\"de_DE\" \/>\n<meta property=\"og:type\" content=\"article\" \/>\n<meta property=\"og:title\" content=\"MDS-Fr\u00fchst\u00fccksprodukte auf einen Blick\" \/>\n<meta property=\"og:description\" content=\"Erm\u00f6glichen Sie Ihren Kunden einen gesunden Start in den Tag mit der gro\u00dfen Breakfast-Auswahl von MDS. Wir finden die ideale Produktlinie f\u00fcr Sie.\" \/>\n<meta property=\"og:url\" content=\"https:\/\/mds-gruppe.de\/de\/product\/breakfast\/\" \/>\n<meta property=\"og:site_name\" content=\"MDS\" \/>\n<meta property=\"article:modified_time\" content=\"2024-11-19T16:04:45+00:00\" \/>\n<meta name=\"twitter:card\" content=\"summary_large_image\" \/>\n<script type=\"application\/ld+json\" class=\"yoast-schema-graph\">{\"@context\":\"https:\\\/\\\/schema.org\",\"@graph\":[{\"@type\":\"WebPage\",\"@id\":\"https:\\\/\\\/mds-gruppe.de\\\/de\\\/product\\\/breakfast\\\/\",\"url\":\"https:\\\/\\\/mds-gruppe.de\\\/de\\\/product\\\/breakfast\\\/\",\"name\":\"MDS-Fr\u00fchst\u00fccksprodukte auf einen Blick\",\"isPartOf\":{\"@id\":\"https:\\\/\\\/mds-gruppe.de\\\/de\\\/#website\"},\"datePublished\":\"2024-05-06T11:25:45+00:00\",\"dateModified\":\"2024-11-19T16:04:45+00:00\",\"description\":\"Erm\u00f6glichen Sie Ihren Kunden einen gesunden Start in den Tag mit der gro\u00dfen Breakfast-Auswahl von MDS. Wir finden die ideale Produktlinie f\u00fcr Sie.\",\"breadcrumb\":{\"@id\":\"https:\\\/\\\/mds-gruppe.de\\\/de\\\/product\\\/breakfast\\\/#breadcrumb\"},\"inLanguage\":\"de\",\"potentialAction\":[{\"@type\":\"ReadAction\",\"target\":[\"https:\\\/\\\/mds-gruppe.de\\\/de\\\/product\\\/breakfast\\\/\"]}]},{\"@type\":\"BreadcrumbList\",\"@id\":\"https:\\\/\\\/mds-gruppe.de\\\/de\\\/product\\\/breakfast\\\/#breadcrumb\",\"itemListElement\":[{\"@type\":\"ListItem\",\"position\":1,\"name\":\"Home\",\"item\":\"https:\\\/\\\/mds-gruppe.de\\\/de\\\/\"},{\"@type\":\"ListItem\",\"position\":2,\"name\":\"Breakfast\"}]},{\"@type\":\"WebSite\",\"@id\":\"https:\\\/\\\/mds-gruppe.de\\\/de\\\/#website\",\"url\":\"https:\\\/\\\/mds-gruppe.de\\\/de\\\/\",\"name\":\"MDS\",\"description\":\"MDS\",\"potentialAction\":[{\"@type\":\"SearchAction\",\"target\":{\"@type\":\"EntryPoint\",\"urlTemplate\":\"https:\\\/\\\/mds-gruppe.de\\\/de\\\/?s={search_term_string}\"},\"query-input\":{\"@type\":\"PropertyValueSpecification\",\"valueRequired\":true,\"valueName\":\"search_term_string\"}}],\"inLanguage\":\"de\"}]}<\/script>\n<!-- \/ Yoast SEO plugin. -->","yoast_head_json":{"title":"MDS-Fr\u00fchst\u00fccksprodukte auf einen Blick","description":"Erm\u00f6glichen Sie Ihren Kunden einen gesunden Start in den Tag mit der gro\u00dfen Breakfast-Auswahl von MDS. Wir finden die ideale Produktlinie f\u00fcr Sie.","robots":{"index":"index","follow":"follow","max-snippet":"max-snippet:-1","max-image-preview":"max-image-preview:large","max-video-preview":"max-video-preview:-1"},"canonical":"https:\/\/mds-gruppe.de\/de\/product\/breakfast\/","og_locale":"de_DE","og_type":"article","og_title":"MDS-Fr\u00fchst\u00fccksprodukte auf einen Blick","og_description":"Erm\u00f6glichen Sie Ihren Kunden einen gesunden Start in den Tag mit der gro\u00dfen Breakfast-Auswahl von MDS. Wir finden die ideale Produktlinie f\u00fcr Sie.","og_url":"https:\/\/mds-gruppe.de\/de\/product\/breakfast\/","og_site_name":"MDS","article_modified_time":"2024-11-19T16:04:45+00:00","twitter_card":"summary_large_image","schema":{"@context":"https:\/\/schema.org","@graph":[{"@type":"WebPage","@id":"https:\/\/mds-gruppe.de\/de\/product\/breakfast\/","url":"https:\/\/mds-gruppe.de\/de\/product\/breakfast\/","name":"MDS-Fr\u00fchst\u00fccksprodukte auf einen Blick","isPartOf":{"@id":"https:\/\/mds-gruppe.de\/de\/#website"},"datePublished":"2024-05-06T11:25:45+00:00","dateModified":"2024-11-19T16:04:45+00:00","description":"Erm\u00f6glichen Sie Ihren Kunden einen gesunden Start in den Tag mit der gro\u00dfen Breakfast-Auswahl von MDS. Wir finden die ideale Produktlinie f\u00fcr Sie.","breadcrumb":{"@id":"https:\/\/mds-gruppe.de\/de\/product\/breakfast\/#breadcrumb"},"inLanguage":"de","potentialAction":[{"@type":"ReadAction","target":["https:\/\/mds-gruppe.de\/de\/product\/breakfast\/"]}]},{"@type":"BreadcrumbList","@id":"https:\/\/mds-gruppe.de\/de\/product\/breakfast\/#breadcrumb","itemListElement":[{"@type":"ListItem","position":1,"name":"Home","item":"https:\/\/mds-gruppe.de\/de\/"},{"@type":"ListItem","position":2,"name":"Breakfast"}]},{"@type":"WebSite","@id":"https:\/\/mds-gruppe.de\/de\/#website","url":"https:\/\/mds-gruppe.de\/de\/","name":"MDS","description":"MDS","potentialAction":[{"@type":"SearchAction","target":{"@type":"EntryPoint","urlTemplate":"https:\/\/mds-gruppe.de\/de\/?s={search_term_string}"},"query-input":{"@type":"PropertyValueSpecification","valueRequired":true,"valueName":"search_term_string"}}],"inLanguage":"de"}]}},"_links":{"self":[{"href":"https:\/\/mds-gruppe.de\/de\/wp-json\/wp\/v2\/product\/850","targetHints":{"allow":["GET"]}}],"collection":[{"href":"https:\/\/mds-gruppe.de\/de\/wp-json\/wp\/v2\/product"}],"about":[{"href":"https:\/\/mds-gruppe.de\/de\/wp-json\/wp\/v2\/types\/product"}],"wp:attachment":[{"href":"https:\/\/mds-gruppe.de\/de\/wp-json\/wp\/v2\/media?parent=850"}],"curies":[{"name":"wp","href":"https:\/\/api.w.org\/{rel}","templated":true}]}}